{"id":31078,"date":"2025-04-15T12:30:31","date_gmt":"2025-04-15T10:30:31","guid":{"rendered":"https:\/\/neuracorp.ai\/?page_id=31078"},"modified":"2026-03-20T17:30:58","modified_gmt":"2026-03-20T16:30:58","slug":"mentions-legales","status":"publish","type":"page","link":"https:\/\/neuracorp.ai\/ar\/mentions-legales\/","title":{"rendered":"\u0627\u0644\u0645\u0639\u0644\u0648\u0645\u0627\u062a \u0627\u0644\u0642\u0627\u0646\u0648\u0646\u064a\u0629"},"content":{"rendered":"<div data-elementor-type=\"wp-page\" data-elementor-id=\"31078\" class=\"elementor elementor-31078\" data-elementor-post-type=\"page\">\n\t\t\t\t<div class=\"elementor-element elementor-element-2346296 e-flex e-con-boxed e-con e-parent\" data-id=\"2346296\" data-element_type=\"container\" data-e-type=\"container\">\n\t\t\t\t\t<div class=\"e-con-inner\">\n\t\t\t\t<div class=\"elementor-element elementor-element-c56db6b elementor-widget elementor-widget-heading\" data-id=\"c56db6b\" data-element_type=\"widget\" data-e-type=\"widget\" data-widget_type=\"heading.default\">\n\t\t\t\t<div class=\"elementor-widget-container\">\n\t\t\t\t\t<h1 class=\"elementor-heading-title elementor-size-default\">\u0627\u0644\u0645\u0639\u0644\u0648\u0645\u0627\u062a \u0627\u0644\u0642\u0627\u0646\u0648\u0646\u064a\u0629<\/h1>\t\t\t\t<\/div>\n\t\t\t\t<\/div>\n\t\t\t\t<div class=\"elementor-element elementor-element-bc4237a elementor-widget elementor-widget-text-editor\" data-id=\"bc4237a\" data-element_type=\"widget\" data-e-type=\"widget\" data-widget_type=\"text-editor.default\">\n\t\t\t\t<div class=\"elementor-widget-container\">\n\t\t\t\t\t\t\t\t\t<p data-start=\"230\" data-end=\"251\"><span style=\"font-size: 1rem;\">\u0627\u0644\u0645\u0648\u0642\u0639 \u0627\u0644\u0625\u0644\u0643\u062a\u0631\u0648\u0646\u064a\u00a0<\/span><a style=\"background-color: #030b13; font-size: 1rem;\" href=\"http:\/\/neuracorp.ai\/ar\/\" target=\"_blank\" rel=\"noopener\"><b>neuracorp.ai<\/b><\/a><span style=\"font-size: 1rem;\">\u00a0\u062a\u0645 \u0646\u0634\u0631\u0647 \u0628\u0648\u0627\u0633\u0637\u0629 :<\/span><\/p><div><span style=\"font-size: 1rem;\">\u00a0<\/span><\/div><h2 data-start=\"230\" data-end=\"251\">\u0646\u0627\u0634\u0631 \u0627\u0644\u0645\u0648\u0642\u0639<\/h2><p data-start=\"252\" data-end=\"571\"><strong data-start=\"306\" data-end=\"319\">\u0646\u064a\u0648\u0631\u0627\u0643\u0648\u0631\u0628<\/strong><br data-start=\"319\" data-end=\"322\" \/>\u0634\u0631\u0643\u0629 SAS \u0645\u0633\u062c\u0644\u0629 \u0641\u064a R.C.S. \u0641\u064a \u0644\u0648\u0631\u064a\u0627\u0646 933 852 717<br \/>\u0631\u0623\u0633 \u0627\u0644\u0645\u0627\u0644: 1,136.80 \u064a\u0648\u0631\u0648<br data-start=\"359\" data-end=\"362\" \/>\u0633\u0627\u064a\u0631\u062a: 933 852 717 717 00018<br data-start=\"387\" data-end=\"390\" \/>\u0627\u0644\u0645\u0643\u062a\u0628 \u0627\u0644\u0631\u0626\u064a\u0633\u064a: 17 \u0634\u0627\u0631\u0639 \u062f\u0648 \u0644\u0627 \u0645\u0627\u0631\u064a\u0646\u060c 56950 \u0643\u0631\u0627\u0634\u060c \u0641\u0631\u0646\u0633\u0627<br data-start=\"494\" data-end=\"497\" \/>\u0627\u0644\u0645\u0633\u0624\u0648\u0644 \u0639\u0646 \u0627\u0644\u0646\u0634\u0631 : <strong data-start=\"529\" data-end=\"550\">\u0641\u064a\u0644\u064a\u0628 \u0628\u0648\u0646\u0647\u0648\u0645<\/strong> (\u0645\u0645\u062b\u0644 \u0642\u0627\u0646\u0648\u0646\u064a)<br \/>\u0636\u0631\u064a\u0628\u0629 \u0627\u0644\u0642\u064a\u0645\u0629 \u0627\u0644\u0645\u0636\u0627\u0641\u0629 \u062f\u0627\u062e\u0644 \u0627\u0644\u0645\u062c\u062a\u0645\u0639: FR899333385852717<\/p><p data-start=\"252\" data-end=\"571\">\u0627\u0644\u0628\u0631\u064a\u062f: philippe[@]neuracorp.ai<\/p><h2 data-start=\"573\" data-end=\"590\">\u0627\u0644\u0627\u0633\u062a\u0636\u0627\u0641\u0629<\/h2><p data-start=\"591\" data-end=\"761\">\u0627\u0644\u0645\u0648\u0642\u0639 \u0645\u0633\u062a\u0636\u0627\u0641 \u0645\u0646 \u0642\u0628\u0644 :<br data-start=\"616\" data-end=\"619\" \/><strong data-start=\"619\" data-end=\"644\">\u0634\u0628\u0643\u0629 \u0625\u0646\u0641\u0648\u0645\u0627\u0646\u064a\u0643 \u0634.\u0645.\u0645.<\/strong><br data-start=\"644\" data-end=\"647\" \/>\u0634\u0627\u0631\u0639 \u0623\u0648\u062c\u064a\u0646 \u0645\u0627\u0631\u0632\u064a\u0627\u0646\u0648 25\u060c 1227 \u0644\u064a\u0647 \u0623\u0643\u0627\u0633\u064a\u0627\u0633\u060c \u062c\u0646\u064a\u0641\u060c \u0633\u0648\u064a\u0633\u0631\u0627<br data-start=\"703\" data-end=\"706\" \/>\u0627\u0644\u0645\u0648\u0642\u0639 : <a href=\"https:\/\/www.infomaniak.com\" target=\"_new\" rel=\"noopener\" data-start=\"713\" data-end=\"761\">www.infomaniak.com<\/a><br \/>\u0647\u0627\u062a\u0641: +33 9 9 71 03 03 02 64<\/p><h2 data-start=\"763\" data-end=\"785\">\u0625\u0646\u0634\u0627\u0621 \u0627\u0644\u0645\u0648\u0642\u0639 \u0627\u0644\u0625\u0644\u0643\u062a\u0631\u0648\u0646\u064a<\/h2><p data-start=\"786\" data-end=\"887\">\u0627\u0644\u062a\u0635\u0645\u064a\u0645 \u0648\u0627\u0644\u062a\u0637\u0648\u064a\u0631 :\u00a0<a href=\"https:\/\/www.goodmanetcompagnie.com\/\" target=\"_blank\" rel=\"noopener\"><b>\u0634\u0631\u0643\u0629 \u062c\u0648\u062f\u0645\u0627\u0646 \u0648\u0634\u0631\u0643\u0627\u0647<\/b><\/a><br data-start=\"840\" data-end=\"843\" \/>\u0625\u062f\u0627\u0631\u0629 \u0627\u0644\u062a\u062d\u0631\u064a\u0631 : <strong data-start=\"866\" data-end=\"887\">\u0641\u064a\u0644\u064a\u0628 \u0628\u0648\u0646\u0647\u0648\u0645 <\/strong><span data-start=\"866\" data-end=\"887\">&amp;<\/span><strong data-start=\"866\" data-end=\"887\"> \u062f. \u0645\u0627\u062a\u064a\u0648 \u0623\u0648\u0641\u0631\u064a\u062a<\/strong><\/p><p data-start=\"786\" data-end=\"887\"><strong data-start=\"866\" data-end=\"887\">\u00a0<\/strong><\/p><h2 data-start=\"889\" data-end=\"919\">\u0627\u0644\u0645\u0644\u0643\u064a\u0629 \u0627\u0644\u0641\u0643\u0631\u064a\u0629<\/h2><p data-start=\"920\" data-end=\"1223\">\u062c\u0645\u064a\u0639 \u0627\u0644\u0645\u062d\u062a\u0648\u064a\u0627\u062a \u0639\u0644\u0649 \u0627\u0644\u0645\u0648\u0642\u0639 \u0627\u0644\u0625\u0644\u0643\u062a\u0631\u0648\u0646\u064a Neuracorp.ai (\u0627\u0644\u0646\u0635\u0648\u0635 \u0648\u0627\u0644\u0635\u0648\u0631 \u0648\u0627\u0644\u0631\u0633\u0648\u0645 \u0627\u0644\u062a\u0648\u0636\u064a\u062d\u064a\u0629 \u0648\u0645\u0642\u0627\u0637\u0639 \u0627\u0644\u0641\u064a\u062f\u064a\u0648 \u0648\u0627\u0644\u0634\u0639\u0627\u0631\u0627\u062a \u0648\u063a\u064a\u0631\u0647\u0627) \u0647\u064a \u0645\u0644\u0643\u064a\u0629 \u062d\u0635\u0631\u064a\u0629 \u0644\u0634\u0631\u0643\u0629 Neuracorp\u060c \u0645\u0627 \u0644\u0645 \u064a\u064f\u0646\u0635 \u0639\u0644\u0649 \u062e\u0644\u0627\u0641 \u0630\u0644\u0643. \u0648\u064a\u064f\u062d\u0638\u0631 \u0623\u064a \u0627\u0633\u062a\u0646\u0633\u0627\u062e \u0623\u0648 \u062a\u0645\u062b\u064a\u0644 \u0623\u0648 \u062a\u0648\u0632\u064a\u0639 \u0623\u0648 \u0627\u0633\u062a\u062e\u062f\u0627\u0645\u060c \u0643\u0644\u064a\u0627\u064b \u0623\u0648 \u062c\u0632\u0626\u064a\u0627\u064b\u060c \u062f\u0648\u0646 \u0625\u0630\u0646 \u0645\u0633\u0628\u0642.<\/p>\t\t\t\t\t\t\t\t<\/div>\n\t\t\t\t<\/div>\n\t\t\t\t\t<\/div>\n\t\t\t\t<\/div>\n\t\t\t\t<\/div>","protected":false},"excerpt":{"rendered":"<p>Mentions L\u00e9gales Le site\u00a0neuracorp.ai\u00a0est \u00e9dit\u00e9 par la soci\u00e9t\u00e9 : \u00a0 \u00c9diteur du site NeuracorpSAS immatricul\u00e9e au R.C.S. de Lorient 933 852 717Capital social :\u00a0 1 136,80 \u20acSIRET : 933 852 717 00018Si\u00e8ge social : 17 rue de la Marine, 56950 Crach, FranceResponsable de la publication : Philippe Bonhomme (Repr\u00e9sentant l\u00e9gal)TVA intracommunautaire : FR89933852717 Mail : [&hellip;]<\/p>","protected":false},"author":1,"featured_media":0,"parent":0,"menu_order":0,"comment_status":"closed","ping_status":"closed","template":"","meta":{"footnotes":""},"class_list":["post-31078","page","type-page","status-publish","hentry"],"yoast_head":"<title>Mentions L\u00e9gales - Neuracorp AI<\/title>\n<meta name=\"robots\" content=\"index, follow, max-snippet:-1, max-image-preview:large, max-video-preview:-1\" \/>\n<link rel=\"canonical\" href=\"https:\/\/neuracorp.ai\/ar\/mentions-legales\/\" \/>\n<meta property=\"og:locale\" content=\"ar_AR\" \/>\n<meta property=\"og:type\" content=\"article\" \/>\n<meta property=\"og:title\" content=\"Mentions L\u00e9gales - Neuracorp AI\" \/>\n<meta property=\"og:description\" content=\"Mentions L\u00e9gales Le site\u00a0neuracorp.ai\u00a0est \u00e9dit\u00e9 par la soci\u00e9t\u00e9 : \u00a0 \u00c9diteur du site NeuracorpSAS immatricul\u00e9e au R.C.S. de Lorient 933 852 717Capital social :\u00a0 1 136,80 \u20acSIRET : 933 852 717 00018Si\u00e8ge social : 17 rue de la Marine, 56950 Crach, FranceResponsable de la publication : Philippe Bonhomme (Repr\u00e9sentant l\u00e9gal)TVA intracommunautaire : FR89933852717 Mail : [&hellip;]\" \/>\n<meta property=\"og:url\" content=\"https:\/\/neuracorp.ai\/ar\/mentions-legales\/\" \/>\n<meta property=\"og:site_name\" content=\"Neuracorp AI\" \/>\n<meta property=\"article:modified_time\" content=\"2026-03-20T16:30:58+00:00\" \/>\n<meta name=\"twitter:card\" content=\"summary_large_image\" \/>\n<meta name=\"twitter:label1\" content=\"\u0648\u0642\u062a \u0627\u0644\u0642\u0631\u0627\u0621\u0629 \u0627\u0644\u0645\u064f\u0642\u062f\u0651\u0631\" \/>\n\t<meta name=\"twitter:data1\" content=\"\u062f\u0642\u064a\u0642\u0629 \u0648\u0627\u062d\u062f\u0629\" \/>\n<script type=\"application\/ld+json\" class=\"yoast-schema-graph\">{\"@context\":\"https:\/\/schema.org\",\"@graph\":[{\"@type\":\"WebPage\",\"@id\":\"https:\/\/neuracorp.ai\/mentions-legales\/\",\"url\":\"https:\/\/neuracorp.ai\/mentions-legales\/\",\"name\":\"Mentions L\u00e9gales - Neuracorp AI\",\"isPartOf\":{\"@id\":\"https:\/\/neuracorp.ai\/#website\"},\"datePublished\":\"2025-04-15T10:30:31+00:00\",\"dateModified\":\"2026-03-20T16:30:58+00:00\",\"breadcrumb\":{\"@id\":\"https:\/\/neuracorp.ai\/mentions-legales\/#breadcrumb\"},\"inLanguage\":\"ar\",\"potentialAction\":[{\"@type\":\"ReadAction\",\"target\":[\"https:\/\/neuracorp.ai\/mentions-legales\/\"]}]},{\"@type\":\"BreadcrumbList\",\"@id\":\"https:\/\/neuracorp.ai\/mentions-legales\/#breadcrumb\",\"itemListElement\":[{\"@type\":\"ListItem\",\"position\":1,\"name\":\"Accueil\",\"item\":\"https:\/\/neuracorp.ai\/\"},{\"@type\":\"ListItem\",\"position\":2,\"name\":\"Mentions L\u00e9gales\"}]},{\"@type\":\"WebSite\",\"@id\":\"https:\/\/neuracorp.ai\/#website\",\"url\":\"https:\/\/neuracorp.ai\/\",\"name\":\"Neuracorp AI\",\"description\":\"Artificial Intelligence for Healthcare\",\"publisher\":{\"@id\":\"https:\/\/neuracorp.ai\/#organization\"},\"potentialAction\":[{\"@type\":\"SearchAction\",\"target\":{\"@type\":\"EntryPoint\",\"urlTemplate\":\"https:\/\/neuracorp.ai\/?s={search_term_string}\"},\"query-input\":{\"@type\":\"PropertyValueSpecification\",\"valueRequired\":true,\"valueName\":\"search_term_string\"}}],\"inLanguage\":\"ar\"},{\"@type\":\"Organization\",\"@id\":\"https:\/\/neuracorp.ai\/#organization\",\"name\":\"Neuracorp AI\",\"url\":\"https:\/\/neuracorp.ai\/\",\"logo\":{\"@type\":\"ImageObject\",\"inLanguage\":\"ar\",\"@id\":\"https:\/\/neuracorp.ai\/#\/schema\/logo\/image\/\",\"url\":\"https:\/\/neuracorp.ai\/wp-content\/uploads\/2024\/09\/neuracorp-ai-white-logo.png\",\"contentUrl\":\"https:\/\/neuracorp.ai\/wp-content\/uploads\/2024\/09\/neuracorp-ai-white-logo.png\",\"width\":2420,\"height\":406,\"caption\":\"Neuracorp AI\"},\"image\":{\"@id\":\"https:\/\/neuracorp.ai\/#\/schema\/logo\/image\/\"}}]}<\/script>","yoast_head_json":{"title":"Mentions L\u00e9gales - Neuracorp AI","robots":{"index":"index","follow":"follow","max-snippet":"max-snippet:-1","max-image-preview":"max-image-preview:large","max-video-preview":"max-video-preview:-1"},"canonical":"https:\/\/neuracorp.ai\/ar\/mentions-legales\/","og_locale":"ar_AR","og_type":"article","og_title":"Mentions L\u00e9gales - Neuracorp AI","og_description":"Mentions L\u00e9gales Le site\u00a0neuracorp.ai\u00a0est \u00e9dit\u00e9 par la soci\u00e9t\u00e9 : \u00a0 \u00c9diteur du site NeuracorpSAS immatricul\u00e9e au R.C.S. de Lorient 933 852 717Capital social :\u00a0 1 136,80 \u20acSIRET : 933 852 717 00018Si\u00e8ge social : 17 rue de la Marine, 56950 Crach, FranceResponsable de la publication : Philippe Bonhomme (Repr\u00e9sentant l\u00e9gal)TVA intracommunautaire : FR89933852717 Mail : [&hellip;]","og_url":"https:\/\/neuracorp.ai\/ar\/mentions-legales\/","og_site_name":"Neuracorp AI","article_modified_time":"2026-03-20T16:30:58+00:00","twitter_card":"summary_large_image","twitter_misc":{"\u0648\u0642\u062a \u0627\u0644\u0642\u0631\u0627\u0621\u0629 \u0627\u0644\u0645\u064f\u0642\u062f\u0651\u0631":"\u062f\u0642\u064a\u0642\u0629 \u0648\u0627\u062d\u062f\u0629"},"schema":{"@context":"https:\/\/schema.org","@graph":[{"@type":"WebPage","@id":"https:\/\/neuracorp.ai\/mentions-legales\/","url":"https:\/\/neuracorp.ai\/mentions-legales\/","name":"Mentions L\u00e9gales - Neuracorp AI","isPartOf":{"@id":"https:\/\/neuracorp.ai\/#website"},"datePublished":"2025-04-15T10:30:31+00:00","dateModified":"2026-03-20T16:30:58+00:00","breadcrumb":{"@id":"https:\/\/neuracorp.ai\/mentions-legales\/#breadcrumb"},"inLanguage":"ar","potentialAction":[{"@type":"ReadAction","target":["https:\/\/neuracorp.ai\/mentions-legales\/"]}]},{"@type":"BreadcrumbList","@id":"https:\/\/neuracorp.ai\/mentions-legales\/#breadcrumb","itemListElement":[{"@type":"ListItem","position":1,"name":"Accueil","item":"https:\/\/neuracorp.ai\/"},{"@type":"ListItem","position":2,"name":"Mentions L\u00e9gales"}]},{"@type":"WebSite","@id":"https:\/\/neuracorp.ai\/#website","url":"https:\/\/neuracorp.ai\/","name":"Neuracorp AI","description":"Artificial Intelligence for Healthcare","publisher":{"@id":"https:\/\/neuracorp.ai\/#organization"},"potentialAction":[{"@type":"SearchAction","target":{"@type":"EntryPoint","urlTemplate":"https:\/\/neuracorp.ai\/?s={search_term_string}"},"query-input":{"@type":"PropertyValueSpecification","valueRequired":true,"valueName":"search_term_string"}}],"inLanguage":"ar"},{"@type":"Organization","@id":"https:\/\/neuracorp.ai\/#organization","name":"Neuracorp AI","url":"https:\/\/neuracorp.ai\/","logo":{"@type":"ImageObject","inLanguage":"ar","@id":"https:\/\/neuracorp.ai\/#\/schema\/logo\/image\/","url":"https:\/\/neuracorp.ai\/wp-content\/uploads\/2024\/09\/neuracorp-ai-white-logo.png","contentUrl":"https:\/\/neuracorp.ai\/wp-content\/uploads\/2024\/09\/neuracorp-ai-white-logo.png","width":2420,"height":406,"caption":"Neuracorp AI"},"image":{"@id":"https:\/\/neuracorp.ai\/#\/schema\/logo\/image\/"}}]}},"_links":{"self":[{"href":"https:\/\/neuracorp.ai\/ar\/wp-json\/wp\/v2\/pages\/31078","targetHints":{"allow":["GET"]}}],"collection":[{"href":"https:\/\/neuracorp.ai\/ar\/wp-json\/wp\/v2\/pages"}],"about":[{"href":"https:\/\/neuracorp.ai\/ar\/wp-json\/wp\/v2\/types\/page"}],"author":[{"embeddable":true,"href":"https:\/\/neuracorp.ai\/ar\/wp-json\/wp\/v2\/users\/1"}],"replies":[{"embeddable":true,"href":"https:\/\/neuracorp.ai\/ar\/wp-json\/wp\/v2\/comments?post=31078"}],"version-history":[{"count":46,"href":"https:\/\/neuracorp.ai\/ar\/wp-json\/wp\/v2\/pages\/31078\/revisions"}],"predecessor-version":[{"id":31743,"href":"https:\/\/neuracorp.ai\/ar\/wp-json\/wp\/v2\/pages\/31078\/revisions\/31743"}],"wp:attachment":[{"href":"https:\/\/neuracorp.ai\/ar\/wp-json\/wp\/v2\/media?parent=31078"}],"curies":[{"name":"wp","href":"https:\/\/api.w.org\/{rel}","templated":true}]}}