{"id":31078,"date":"2025-04-15T12:30:31","date_gmt":"2025-04-15T10:30:31","guid":{"rendered":"https:\/\/neuracorp.ai\/?page_id=31078"},"modified":"2026-03-20T17:30:58","modified_gmt":"2026-03-20T16:30:58","slug":"mentions-legales","status":"publish","type":"page","link":"https:\/\/neuracorp.ai\/de\/mentions-legales\/","title":{"rendered":"Rechtliche Hinweise"},"content":{"rendered":"<div data-elementor-type=\"wp-page\" data-elementor-id=\"31078\" class=\"elementor elementor-31078\" data-elementor-post-type=\"page\">\n\t\t\t\t<div class=\"elementor-element elementor-element-2346296 e-flex e-con-boxed e-con e-parent\" data-id=\"2346296\" data-element_type=\"container\" data-e-type=\"container\">\n\t\t\t\t\t<div class=\"e-con-inner\">\n\t\t\t\t<div class=\"elementor-element elementor-element-c56db6b elementor-widget elementor-widget-heading\" data-id=\"c56db6b\" data-element_type=\"widget\" data-e-type=\"widget\" data-widget_type=\"heading.default\">\n\t\t\t\t<div class=\"elementor-widget-container\">\n\t\t\t\t\t<h1 class=\"elementor-heading-title elementor-size-default\">Rechtliche Hinweise<\/h1>\t\t\t\t<\/div>\n\t\t\t\t<\/div>\n\t\t\t\t<div class=\"elementor-element elementor-element-bc4237a elementor-widget elementor-widget-text-editor\" data-id=\"bc4237a\" data-element_type=\"widget\" data-e-type=\"widget\" data-widget_type=\"text-editor.default\">\n\t\t\t\t<div class=\"elementor-widget-container\">\n\t\t\t\t\t\t\t\t\t<p data-start=\"230\" data-end=\"251\"><span style=\"font-size: 1rem;\">Die Seite\u00a0<\/span><a style=\"background-color: #030b13; font-size: 1rem;\" href=\"http:\/\/neuracorp.ai\/de\/\" target=\"_blank\" rel=\"noopener\"><b>neuracorp.ai<\/b><\/a><span style=\"font-size: 1rem;\">\u00a0wird von der Firma :<\/span><\/p><div><span style=\"font-size: 1rem;\">\u00a0<\/span><\/div><h2 data-start=\"230\" data-end=\"251\">Herausgeber der Seite<\/h2><p data-start=\"252\" data-end=\"571\"><strong data-start=\"306\" data-end=\"319\">Neuracorp<\/strong><br data-start=\"319\" data-end=\"322\" \/>SAS eingetragen im R.C.S. Lorient 933 852 717<br \/>Gesellschaftskapital: 1.136,80 \u20ac.<br data-start=\"359\" data-end=\"362\" \/>SIRET: 933 852 717 00018<br data-start=\"387\" data-end=\"390\" \/>Hauptsitz: 17 rue de la Marine, 56950 Crach, Frankreich<br data-start=\"494\" data-end=\"497\" \/>Verantwortlich f\u00fcr die Ver\u00f6ffentlichung : <strong data-start=\"529\" data-end=\"550\">Philippe Bonhomme<\/strong> (Gesetzlicher Vertreter)<br \/>Intrakommunale Mehrwertsteuer: FR89933852717<\/p><p data-start=\"252\" data-end=\"571\">Mail: philippe[@]neuracorp.ai<\/p><h2 data-start=\"573\" data-end=\"590\">Unterkunft<\/h2><p data-start=\"591\" data-end=\"761\">Die Website wird gehostet von :<br data-start=\"616\" data-end=\"619\" \/><strong data-start=\"619\" data-end=\"644\">Infomaniak Network SA<\/strong><br data-start=\"644\" data-end=\"647\" \/>Rue Eug\u00e8ne-Marziano 25, 1227 Les Acacias, Genf, Schweiz<br data-start=\"703\" data-end=\"706\" \/>Standort : <a href=\"https:\/\/www.infomaniak.com\" target=\"_new\" rel=\"noopener\" data-start=\"713\" data-end=\"761\">www.infomaniak.com<\/a><br \/>Tel: +33 9 71 03 02 64<\/p><h2 data-start=\"763\" data-end=\"785\">Erstellung der Seite<\/h2><p data-start=\"786\" data-end=\"887\">Design und Entwicklung :\u00a0<a href=\"https:\/\/www.goodmanetcompagnie.com\/\" target=\"_blank\" rel=\"noopener\"><b>Goodman und Company<\/b><\/a><br data-start=\"840\" data-end=\"843\" \/>Redaktionelle Leitung : <strong data-start=\"866\" data-end=\"887\">Philippe Bonhomme <\/strong><span data-start=\"866\" data-end=\"887\">&amp;<\/span><strong data-start=\"866\" data-end=\"887\"> Dr. Mathieu Auffret<\/strong><\/p><p data-start=\"786\" data-end=\"887\"><strong data-start=\"866\" data-end=\"887\">\u00a0<\/strong><\/p><h2 data-start=\"889\" data-end=\"919\">Geistiges Eigentum<\/h2><p data-start=\"920\" data-end=\"1223\">S\u00e4mtliche Inhalte auf der Website neuracorp.ai (Texte, Bilder, Illustrationen, Videos, Logos usw.) sind ausschlie\u00dfliches Eigentum von Neuracorp, sofern nicht anders angegeben. Jede vollst\u00e4ndige oder teilweise Vervielf\u00e4ltigung, Darstellung, Verbreitung oder Verwertung ohne vorherige Genehmigung ist untersagt.<\/p>\t\t\t\t\t\t\t\t<\/div>\n\t\t\t\t<\/div>\n\t\t\t\t\t<\/div>\n\t\t\t\t<\/div>\n\t\t\t\t<\/div>","protected":false},"excerpt":{"rendered":"<p>Mentions L\u00e9gales Le site\u00a0neuracorp.ai\u00a0est \u00e9dit\u00e9 par la soci\u00e9t\u00e9 : \u00a0 \u00c9diteur du site NeuracorpSAS immatricul\u00e9e au R.C.S. de Lorient 933 852 717Capital social :\u00a0 1 136,80 \u20acSIRET : 933 852 717 00018Si\u00e8ge social : 17 rue de la Marine, 56950 Crach, FranceResponsable de la publication : Philippe Bonhomme (Repr\u00e9sentant l\u00e9gal)TVA intracommunautaire : FR89933852717 Mail : [&hellip;]<\/p>","protected":false},"author":1,"featured_media":0,"parent":0,"menu_order":0,"comment_status":"closed","ping_status":"closed","template":"","meta":{"footnotes":""},"class_list":["post-31078","page","type-page","status-publish","hentry"],"yoast_head":"<title>Mentions L\u00e9gales - Neuracorp AI<\/title>\n<meta name=\"robots\" content=\"index, follow, max-snippet:-1, max-image-preview:large, max-video-preview:-1\" \/>\n<link rel=\"canonical\" href=\"https:\/\/neuracorp.ai\/de\/mentions-legales\/\" \/>\n<meta property=\"og:locale\" content=\"de_DE\" \/>\n<meta property=\"og:type\" content=\"article\" \/>\n<meta property=\"og:title\" content=\"Mentions L\u00e9gales - Neuracorp AI\" \/>\n<meta property=\"og:description\" content=\"Mentions L\u00e9gales Le site\u00a0neuracorp.ai\u00a0est \u00e9dit\u00e9 par la soci\u00e9t\u00e9 : \u00a0 \u00c9diteur du site NeuracorpSAS immatricul\u00e9e au R.C.S. de Lorient 933 852 717Capital social :\u00a0 1 136,80 \u20acSIRET : 933 852 717 00018Si\u00e8ge social : 17 rue de la Marine, 56950 Crach, FranceResponsable de la publication : Philippe Bonhomme (Repr\u00e9sentant l\u00e9gal)TVA intracommunautaire : FR89933852717 Mail : [&hellip;]\" \/>\n<meta property=\"og:url\" content=\"https:\/\/neuracorp.ai\/de\/mentions-legales\/\" \/>\n<meta property=\"og:site_name\" content=\"Neuracorp AI\" \/>\n<meta property=\"article:modified_time\" content=\"2026-03-20T16:30:58+00:00\" \/>\n<meta name=\"twitter:card\" content=\"summary_large_image\" \/>\n<meta name=\"twitter:label1\" content=\"Gesch\u00e4tzte Lesezeit\" \/>\n\t<meta name=\"twitter:data1\" content=\"1\u00a0Minute\" \/>\n<script type=\"application\/ld+json\" class=\"yoast-schema-graph\">{\"@context\":\"https:\/\/schema.org\",\"@graph\":[{\"@type\":\"WebPage\",\"@id\":\"https:\/\/neuracorp.ai\/mentions-legales\/\",\"url\":\"https:\/\/neuracorp.ai\/mentions-legales\/\",\"name\":\"Mentions L\u00e9gales - Neuracorp AI\",\"isPartOf\":{\"@id\":\"https:\/\/neuracorp.ai\/#website\"},\"datePublished\":\"2025-04-15T10:30:31+00:00\",\"dateModified\":\"2026-03-20T16:30:58+00:00\",\"breadcrumb\":{\"@id\":\"https:\/\/neuracorp.ai\/mentions-legales\/#breadcrumb\"},\"inLanguage\":\"de\",\"potentialAction\":[{\"@type\":\"ReadAction\",\"target\":[\"https:\/\/neuracorp.ai\/mentions-legales\/\"]}]},{\"@type\":\"BreadcrumbList\",\"@id\":\"https:\/\/neuracorp.ai\/mentions-legales\/#breadcrumb\",\"itemListElement\":[{\"@type\":\"ListItem\",\"position\":1,\"name\":\"Accueil\",\"item\":\"https:\/\/neuracorp.ai\/\"},{\"@type\":\"ListItem\",\"position\":2,\"name\":\"Mentions L\u00e9gales\"}]},{\"@type\":\"WebSite\",\"@id\":\"https:\/\/neuracorp.ai\/#website\",\"url\":\"https:\/\/neuracorp.ai\/\",\"name\":\"Neuracorp AI\",\"description\":\"Artificial Intelligence for Healthcare\",\"publisher\":{\"@id\":\"https:\/\/neuracorp.ai\/#organization\"},\"potentialAction\":[{\"@type\":\"SearchAction\",\"target\":{\"@type\":\"EntryPoint\",\"urlTemplate\":\"https:\/\/neuracorp.ai\/?s={search_term_string}\"},\"query-input\":{\"@type\":\"PropertyValueSpecification\",\"valueRequired\":true,\"valueName\":\"search_term_string\"}}],\"inLanguage\":\"de\"},{\"@type\":\"Organization\",\"@id\":\"https:\/\/neuracorp.ai\/#organization\",\"name\":\"Neuracorp AI\",\"url\":\"https:\/\/neuracorp.ai\/\",\"logo\":{\"@type\":\"ImageObject\",\"inLanguage\":\"de\",\"@id\":\"https:\/\/neuracorp.ai\/#\/schema\/logo\/image\/\",\"url\":\"https:\/\/neuracorp.ai\/wp-content\/uploads\/2024\/09\/neuracorp-ai-white-logo.png\",\"contentUrl\":\"https:\/\/neuracorp.ai\/wp-content\/uploads\/2024\/09\/neuracorp-ai-white-logo.png\",\"width\":2420,\"height\":406,\"caption\":\"Neuracorp AI\"},\"image\":{\"@id\":\"https:\/\/neuracorp.ai\/#\/schema\/logo\/image\/\"}}]}<\/script>","yoast_head_json":{"title":"Mentions L\u00e9gales - Neuracorp AI","robots":{"index":"index","follow":"follow","max-snippet":"max-snippet:-1","max-image-preview":"max-image-preview:large","max-video-preview":"max-video-preview:-1"},"canonical":"https:\/\/neuracorp.ai\/de\/mentions-legales\/","og_locale":"de_DE","og_type":"article","og_title":"Mentions L\u00e9gales - Neuracorp AI","og_description":"Mentions L\u00e9gales Le site\u00a0neuracorp.ai\u00a0est \u00e9dit\u00e9 par la soci\u00e9t\u00e9 : \u00a0 \u00c9diteur du site NeuracorpSAS immatricul\u00e9e au R.C.S. de Lorient 933 852 717Capital social :\u00a0 1 136,80 \u20acSIRET : 933 852 717 00018Si\u00e8ge social : 17 rue de la Marine, 56950 Crach, FranceResponsable de la publication : Philippe Bonhomme (Repr\u00e9sentant l\u00e9gal)TVA intracommunautaire : FR89933852717 Mail : [&hellip;]","og_url":"https:\/\/neuracorp.ai\/de\/mentions-legales\/","og_site_name":"Neuracorp AI","article_modified_time":"2026-03-20T16:30:58+00:00","twitter_card":"summary_large_image","twitter_misc":{"Gesch\u00e4tzte Lesezeit":"1\u00a0Minute"},"schema":{"@context":"https:\/\/schema.org","@graph":[{"@type":"WebPage","@id":"https:\/\/neuracorp.ai\/mentions-legales\/","url":"https:\/\/neuracorp.ai\/mentions-legales\/","name":"Mentions L\u00e9gales - Neuracorp AI","isPartOf":{"@id":"https:\/\/neuracorp.ai\/#website"},"datePublished":"2025-04-15T10:30:31+00:00","dateModified":"2026-03-20T16:30:58+00:00","breadcrumb":{"@id":"https:\/\/neuracorp.ai\/mentions-legales\/#breadcrumb"},"inLanguage":"de","potentialAction":[{"@type":"ReadAction","target":["https:\/\/neuracorp.ai\/mentions-legales\/"]}]},{"@type":"BreadcrumbList","@id":"https:\/\/neuracorp.ai\/mentions-legales\/#breadcrumb","itemListElement":[{"@type":"ListItem","position":1,"name":"Accueil","item":"https:\/\/neuracorp.ai\/"},{"@type":"ListItem","position":2,"name":"Mentions L\u00e9gales"}]},{"@type":"WebSite","@id":"https:\/\/neuracorp.ai\/#website","url":"https:\/\/neuracorp.ai\/","name":"Neuracorp AI","description":"Artificial Intelligence for Healthcare","publisher":{"@id":"https:\/\/neuracorp.ai\/#organization"},"potentialAction":[{"@type":"SearchAction","target":{"@type":"EntryPoint","urlTemplate":"https:\/\/neuracorp.ai\/?s={search_term_string}"},"query-input":{"@type":"PropertyValueSpecification","valueRequired":true,"valueName":"search_term_string"}}],"inLanguage":"de"},{"@type":"Organization","@id":"https:\/\/neuracorp.ai\/#organization","name":"Neuracorp AI","url":"https:\/\/neuracorp.ai\/","logo":{"@type":"ImageObject","inLanguage":"de","@id":"https:\/\/neuracorp.ai\/#\/schema\/logo\/image\/","url":"https:\/\/neuracorp.ai\/wp-content\/uploads\/2024\/09\/neuracorp-ai-white-logo.png","contentUrl":"https:\/\/neuracorp.ai\/wp-content\/uploads\/2024\/09\/neuracorp-ai-white-logo.png","width":2420,"height":406,"caption":"Neuracorp AI"},"image":{"@id":"https:\/\/neuracorp.ai\/#\/schema\/logo\/image\/"}}]}},"_links":{"self":[{"href":"https:\/\/neuracorp.ai\/de\/wp-json\/wp\/v2\/pages\/31078","targetHints":{"allow":["GET"]}}],"collection":[{"href":"https:\/\/neuracorp.ai\/de\/wp-json\/wp\/v2\/pages"}],"about":[{"href":"https:\/\/neuracorp.ai\/de\/wp-json\/wp\/v2\/types\/page"}],"author":[{"embeddable":true,"href":"https:\/\/neuracorp.ai\/de\/wp-json\/wp\/v2\/users\/1"}],"replies":[{"embeddable":true,"href":"https:\/\/neuracorp.ai\/de\/wp-json\/wp\/v2\/comments?post=31078"}],"version-history":[{"count":46,"href":"https:\/\/neuracorp.ai\/de\/wp-json\/wp\/v2\/pages\/31078\/revisions"}],"predecessor-version":[{"id":31743,"href":"https:\/\/neuracorp.ai\/de\/wp-json\/wp\/v2\/pages\/31078\/revisions\/31743"}],"wp:attachment":[{"href":"https:\/\/neuracorp.ai\/de\/wp-json\/wp\/v2\/media?parent=31078"}],"curies":[{"name":"wp","href":"https:\/\/api.w.org\/{rel}","templated":true}]}}