{"id":31078,"date":"2025-04-15T12:30:31","date_gmt":"2025-04-15T10:30:31","guid":{"rendered":"https:\/\/neuracorp.ai\/?page_id=31078"},"modified":"2026-03-20T17:30:58","modified_gmt":"2026-03-20T16:30:58","slug":"mentions-legales","status":"publish","type":"page","link":"https:\/\/neuracorp.ai\/en\/mentions-legales\/","title":{"rendered":"Legal information"},"content":{"rendered":"<div data-elementor-type=\"wp-page\" data-elementor-id=\"31078\" class=\"elementor elementor-31078\" data-elementor-post-type=\"page\">\n\t\t\t\t<div class=\"elementor-element elementor-element-2346296 e-flex e-con-boxed e-con e-parent\" data-id=\"2346296\" data-element_type=\"container\" data-e-type=\"container\">\n\t\t\t\t\t<div class=\"e-con-inner\">\n\t\t\t\t<div class=\"elementor-element elementor-element-c56db6b elementor-widget elementor-widget-heading\" data-id=\"c56db6b\" data-element_type=\"widget\" data-e-type=\"widget\" data-widget_type=\"heading.default\">\n\t\t\t\t<div class=\"elementor-widget-container\">\n\t\t\t\t\t<h1 class=\"elementor-heading-title elementor-size-default\">Legal information<\/h1>\t\t\t\t<\/div>\n\t\t\t\t<\/div>\n\t\t\t\t<div class=\"elementor-element elementor-element-bc4237a elementor-widget elementor-widget-text-editor\" data-id=\"bc4237a\" data-element_type=\"widget\" data-e-type=\"widget\" data-widget_type=\"text-editor.default\">\n\t\t\t\t<div class=\"elementor-widget-container\">\n\t\t\t\t\t\t\t\t\t<p data-start=\"230\" data-end=\"251\"><span style=\"font-size: 1rem;\">The website\u00a0<\/span><a style=\"background-color: #030b13; font-size: 1rem;\" href=\"http:\/\/neuracorp.ai\/en\/\" target=\"_blank\" rel=\"noopener\"><b>neuracorp.ai<\/b><\/a><span style=\"font-size: 1rem;\">\u00a0is published by :<\/span><\/p><div><span style=\"font-size: 1rem;\">\u00a0<\/span><\/div><h2 data-start=\"230\" data-end=\"251\">Site publisher<\/h2><p data-start=\"252\" data-end=\"571\"><strong data-start=\"306\" data-end=\"319\">Neuracorp<\/strong><br data-start=\"319\" data-end=\"322\" \/>SAS registered with the Lorient RCS under number 933 852 717<br \/>Share capital: \u20ac1,136.80<br data-start=\"359\" data-end=\"362\" \/>SIRET: 933 852 717 00018<br data-start=\"387\" data-end=\"390\" \/>Head office: 17 rue de la Marine, 56950 Crach, France<br data-start=\"494\" data-end=\"497\" \/>Responsible for publication : <strong data-start=\"529\" data-end=\"550\">Philippe Bonhomme<\/strong> (Legal representative)<br \/>Intracommunity VAT: FR89933852717<\/p><p data-start=\"252\" data-end=\"571\">Email: philippe[@]neuracorp.ai<\/p><h2 data-start=\"573\" data-end=\"590\">Hosting<\/h2><p data-start=\"591\" data-end=\"761\">The site is hosted by :<br data-start=\"616\" data-end=\"619\" \/><strong data-start=\"619\" data-end=\"644\">Infomaniak Network SA<\/strong><br data-start=\"644\" data-end=\"647\" \/>Rue Eug\u00e8ne-Marziano 25, 1227 Les Acacias, Geneva, Switzerland<br data-start=\"703\" data-end=\"706\" \/>Site : <a href=\"https:\/\/www.infomaniak.com\" target=\"_new\" rel=\"noopener\" data-start=\"713\" data-end=\"761\">www.infomaniak.com<\/a><br \/>Tel: +33 9 71 03 02 64<\/p><h2 data-start=\"763\" data-end=\"785\">Website creation<\/h2><p data-start=\"786\" data-end=\"887\">Design and development :\u00a0<a href=\"https:\/\/www.goodmanetcompagnie.com\/\" target=\"_blank\" rel=\"noopener\"><b>Goodman and Company<\/b><\/a><br data-start=\"840\" data-end=\"843\" \/>Editorial management : <strong data-start=\"866\" data-end=\"887\">Philippe Bonhomme <\/strong><span data-start=\"866\" data-end=\"887\">&amp;<\/span><strong data-start=\"866\" data-end=\"887\"> Dr. Mathieu Auffret<\/strong><\/p><p data-start=\"786\" data-end=\"887\"><strong data-start=\"866\" data-end=\"887\">\u00a0<\/strong><\/p><h2 data-start=\"889\" data-end=\"919\">Intellectual property<\/h2><p data-start=\"920\" data-end=\"1223\">All content on the neuracorp.ai website (text, images, illustrations, videos, logos, etc.) is the exclusive property of Neuracorp, unless otherwise stated. Any reproduction, representation, distribution or use, in whole or in part, without prior authorisation, is prohibited.<\/p>\t\t\t\t\t\t\t\t<\/div>\n\t\t\t\t<\/div>\n\t\t\t\t\t<\/div>\n\t\t\t\t<\/div>\n\t\t\t\t<\/div>","protected":false},"excerpt":{"rendered":"<p>Mentions L\u00e9gales Le site\u00a0neuracorp.ai\u00a0est \u00e9dit\u00e9 par la soci\u00e9t\u00e9 : \u00a0 \u00c9diteur du site NeuracorpSAS immatricul\u00e9e au R.C.S. de Lorient 933 852 717Capital social :\u00a0 1 136,80 \u20acSIRET : 933 852 717 00018Si\u00e8ge social : 17 rue de la Marine, 56950 Crach, FranceResponsable de la publication : Philippe Bonhomme (Repr\u00e9sentant l\u00e9gal)TVA intracommunautaire : FR89933852717 Mail : [&hellip;]<\/p>","protected":false},"author":1,"featured_media":0,"parent":0,"menu_order":0,"comment_status":"closed","ping_status":"closed","template":"","meta":{"footnotes":""},"class_list":["post-31078","page","type-page","status-publish","hentry"],"yoast_head":"<title>Mentions L\u00e9gales - Neuracorp AI<\/title>\n<meta name=\"robots\" content=\"index, follow, max-snippet:-1, max-image-preview:large, max-video-preview:-1\" \/>\n<link rel=\"canonical\" href=\"https:\/\/neuracorp.ai\/en\/mentions-legales\/\" \/>\n<meta property=\"og:locale\" content=\"en_GB\" \/>\n<meta property=\"og:type\" content=\"article\" \/>\n<meta property=\"og:title\" content=\"Mentions L\u00e9gales - Neuracorp AI\" \/>\n<meta property=\"og:description\" content=\"Mentions L\u00e9gales Le site\u00a0neuracorp.ai\u00a0est \u00e9dit\u00e9 par la soci\u00e9t\u00e9 : \u00a0 \u00c9diteur du site NeuracorpSAS immatricul\u00e9e au R.C.S. de Lorient 933 852 717Capital social :\u00a0 1 136,80 \u20acSIRET : 933 852 717 00018Si\u00e8ge social : 17 rue de la Marine, 56950 Crach, FranceResponsable de la publication : Philippe Bonhomme (Repr\u00e9sentant l\u00e9gal)TVA intracommunautaire : FR89933852717 Mail : [&hellip;]\" \/>\n<meta property=\"og:url\" content=\"https:\/\/neuracorp.ai\/en\/mentions-legales\/\" \/>\n<meta property=\"og:site_name\" content=\"Neuracorp AI\" \/>\n<meta property=\"article:modified_time\" content=\"2026-03-20T16:30:58+00:00\" \/>\n<meta name=\"twitter:card\" content=\"summary_large_image\" \/>\n<meta name=\"twitter:label1\" content=\"Estimated reading time\" \/>\n\t<meta name=\"twitter:data1\" content=\"1 minute\" \/>\n<script type=\"application\/ld+json\" class=\"yoast-schema-graph\">{\"@context\":\"https:\/\/schema.org\",\"@graph\":[{\"@type\":\"WebPage\",\"@id\":\"https:\/\/neuracorp.ai\/mentions-legales\/\",\"url\":\"https:\/\/neuracorp.ai\/mentions-legales\/\",\"name\":\"Mentions L\u00e9gales - Neuracorp AI\",\"isPartOf\":{\"@id\":\"https:\/\/neuracorp.ai\/#website\"},\"datePublished\":\"2025-04-15T10:30:31+00:00\",\"dateModified\":\"2026-03-20T16:30:58+00:00\",\"breadcrumb\":{\"@id\":\"https:\/\/neuracorp.ai\/mentions-legales\/#breadcrumb\"},\"inLanguage\":\"en-GB\",\"potentialAction\":[{\"@type\":\"ReadAction\",\"target\":[\"https:\/\/neuracorp.ai\/mentions-legales\/\"]}]},{\"@type\":\"BreadcrumbList\",\"@id\":\"https:\/\/neuracorp.ai\/mentions-legales\/#breadcrumb\",\"itemListElement\":[{\"@type\":\"ListItem\",\"position\":1,\"name\":\"Accueil\",\"item\":\"https:\/\/neuracorp.ai\/\"},{\"@type\":\"ListItem\",\"position\":2,\"name\":\"Mentions L\u00e9gales\"}]},{\"@type\":\"WebSite\",\"@id\":\"https:\/\/neuracorp.ai\/#website\",\"url\":\"https:\/\/neuracorp.ai\/\",\"name\":\"Neuracorp AI\",\"description\":\"Artificial Intelligence for Healthcare\",\"publisher\":{\"@id\":\"https:\/\/neuracorp.ai\/#organization\"},\"potentialAction\":[{\"@type\":\"SearchAction\",\"target\":{\"@type\":\"EntryPoint\",\"urlTemplate\":\"https:\/\/neuracorp.ai\/?s={search_term_string}\"},\"query-input\":{\"@type\":\"PropertyValueSpecification\",\"valueRequired\":true,\"valueName\":\"search_term_string\"}}],\"inLanguage\":\"en-GB\"},{\"@type\":\"Organization\",\"@id\":\"https:\/\/neuracorp.ai\/#organization\",\"name\":\"Neuracorp AI\",\"url\":\"https:\/\/neuracorp.ai\/\",\"logo\":{\"@type\":\"ImageObject\",\"inLanguage\":\"en-GB\",\"@id\":\"https:\/\/neuracorp.ai\/#\/schema\/logo\/image\/\",\"url\":\"https:\/\/neuracorp.ai\/wp-content\/uploads\/2024\/09\/neuracorp-ai-white-logo.png\",\"contentUrl\":\"https:\/\/neuracorp.ai\/wp-content\/uploads\/2024\/09\/neuracorp-ai-white-logo.png\",\"width\":2420,\"height\":406,\"caption\":\"Neuracorp AI\"},\"image\":{\"@id\":\"https:\/\/neuracorp.ai\/#\/schema\/logo\/image\/\"}}]}<\/script>","yoast_head_json":{"title":"Mentions L\u00e9gales - Neuracorp AI","robots":{"index":"index","follow":"follow","max-snippet":"max-snippet:-1","max-image-preview":"max-image-preview:large","max-video-preview":"max-video-preview:-1"},"canonical":"https:\/\/neuracorp.ai\/en\/mentions-legales\/","og_locale":"en_GB","og_type":"article","og_title":"Mentions L\u00e9gales - Neuracorp AI","og_description":"Mentions L\u00e9gales Le site\u00a0neuracorp.ai\u00a0est \u00e9dit\u00e9 par la soci\u00e9t\u00e9 : \u00a0 \u00c9diteur du site NeuracorpSAS immatricul\u00e9e au R.C.S. de Lorient 933 852 717Capital social :\u00a0 1 136,80 \u20acSIRET : 933 852 717 00018Si\u00e8ge social : 17 rue de la Marine, 56950 Crach, FranceResponsable de la publication : Philippe Bonhomme (Repr\u00e9sentant l\u00e9gal)TVA intracommunautaire : FR89933852717 Mail : [&hellip;]","og_url":"https:\/\/neuracorp.ai\/en\/mentions-legales\/","og_site_name":"Neuracorp AI","article_modified_time":"2026-03-20T16:30:58+00:00","twitter_card":"summary_large_image","twitter_misc":{"Estimated reading time":"1 minute"},"schema":{"@context":"https:\/\/schema.org","@graph":[{"@type":"WebPage","@id":"https:\/\/neuracorp.ai\/mentions-legales\/","url":"https:\/\/neuracorp.ai\/mentions-legales\/","name":"Mentions L\u00e9gales - Neuracorp AI","isPartOf":{"@id":"https:\/\/neuracorp.ai\/#website"},"datePublished":"2025-04-15T10:30:31+00:00","dateModified":"2026-03-20T16:30:58+00:00","breadcrumb":{"@id":"https:\/\/neuracorp.ai\/mentions-legales\/#breadcrumb"},"inLanguage":"en-GB","potentialAction":[{"@type":"ReadAction","target":["https:\/\/neuracorp.ai\/mentions-legales\/"]}]},{"@type":"BreadcrumbList","@id":"https:\/\/neuracorp.ai\/mentions-legales\/#breadcrumb","itemListElement":[{"@type":"ListItem","position":1,"name":"Accueil","item":"https:\/\/neuracorp.ai\/"},{"@type":"ListItem","position":2,"name":"Mentions L\u00e9gales"}]},{"@type":"WebSite","@id":"https:\/\/neuracorp.ai\/#website","url":"https:\/\/neuracorp.ai\/","name":"Neuracorp AI","description":"Artificial Intelligence for Healthcare","publisher":{"@id":"https:\/\/neuracorp.ai\/#organization"},"potentialAction":[{"@type":"SearchAction","target":{"@type":"EntryPoint","urlTemplate":"https:\/\/neuracorp.ai\/?s={search_term_string}"},"query-input":{"@type":"PropertyValueSpecification","valueRequired":true,"valueName":"search_term_string"}}],"inLanguage":"en-GB"},{"@type":"Organization","@id":"https:\/\/neuracorp.ai\/#organization","name":"Neuracorp AI","url":"https:\/\/neuracorp.ai\/","logo":{"@type":"ImageObject","inLanguage":"en-GB","@id":"https:\/\/neuracorp.ai\/#\/schema\/logo\/image\/","url":"https:\/\/neuracorp.ai\/wp-content\/uploads\/2024\/09\/neuracorp-ai-white-logo.png","contentUrl":"https:\/\/neuracorp.ai\/wp-content\/uploads\/2024\/09\/neuracorp-ai-white-logo.png","width":2420,"height":406,"caption":"Neuracorp AI"},"image":{"@id":"https:\/\/neuracorp.ai\/#\/schema\/logo\/image\/"}}]}},"_links":{"self":[{"href":"https:\/\/neuracorp.ai\/en\/wp-json\/wp\/v2\/pages\/31078","targetHints":{"allow":["GET"]}}],"collection":[{"href":"https:\/\/neuracorp.ai\/en\/wp-json\/wp\/v2\/pages"}],"about":[{"href":"https:\/\/neuracorp.ai\/en\/wp-json\/wp\/v2\/types\/page"}],"author":[{"embeddable":true,"href":"https:\/\/neuracorp.ai\/en\/wp-json\/wp\/v2\/users\/1"}],"replies":[{"embeddable":true,"href":"https:\/\/neuracorp.ai\/en\/wp-json\/wp\/v2\/comments?post=31078"}],"version-history":[{"count":46,"href":"https:\/\/neuracorp.ai\/en\/wp-json\/wp\/v2\/pages\/31078\/revisions"}],"predecessor-version":[{"id":31743,"href":"https:\/\/neuracorp.ai\/en\/wp-json\/wp\/v2\/pages\/31078\/revisions\/31743"}],"wp:attachment":[{"href":"https:\/\/neuracorp.ai\/en\/wp-json\/wp\/v2\/media?parent=31078"}],"curies":[{"name":"wp","href":"https:\/\/api.w.org\/{rel}","templated":true}]}}